{"id":7775,"date":"2023-03-11T19:57:54","date_gmt":"2023-03-11T19:57:54","guid":{"rendered":"https:\/\/pcaextermination.net\/services-commerciaux\/"},"modified":"2023-09-16T18:01:38","modified_gmt":"2023-09-16T18:01:38","slug":"services-commerciaux","status":"publish","type":"page","link":"https:\/\/pcaextermination.net\/fr\/services-commerciaux\/","title":{"rendered":"Services Commercial"},"content":{"rendered":"<section class=\"wpb-content-wrapper\"><p>[vc_row row_content_width=\u00a0\u00bbgrid\u00a0\u00bb row_btt_skin=\u00a0\u00bblight\u00a0\u00bb row_background_text_position=\u00a0\u00bbfront\u00a0\u00bb][vc_column offset=\u00a0\u00bbvc_col-lg-offset-0 vc_col-lg-6 vc_col-md-offset-0 vc_col-md-12 vc_col-sm-offset-0&Prime;]<div class=\"mkdf-elements-holder   mkdf-one-column  mkdf-responsive-mode-768 \" ><div class=\"mkdf-eh-item    \"  data-item-class=\"mkdf-eh-custom-7882\" data-1367-1600=\"58px 110px 0 0px\" data-1025-1366=\"22px 10px 0 0px\" data-769-1024=\"0px 260px 80px 0px\" data-681-768=\"0px 120px 80px 0px\" data-680=\"0px 0px 80px 0px\">\n\t<div class=\"mkdf-eh-item-inner\">\n\t\t<div class=\"mkdf-eh-item-content mkdf-eh-custom-7882\" style=\"padding: 59px 110px 0 0px\">\n\t\t\t<div class=\"mkdf-section-title-holder  mkdf-st-standard mkdf-st-title-left mkdf-st-normal-space \" >\n\t<div class=\"mkdf-st-inner\">\n                    <h6 class=\"mkdf-st-intro-title\" style=\"color: #565969\">\n                lutte antiparasitaire commerciale            <\/h6>\n        \t\t\t\t\t<h2 class=\"mkdf-st-title\" >\n\t\t\t\tsp\u00e9cialistes des services commerciaux\t\t\t<\/h2>\n\t\t\t\t\t\t\t<h5 class=\"mkdf-st-text\" style=\"color: #565969;font-size: 18px;line-height: 26px;font-weight: 400;margin-top: 20px\">\n\t\t\t\tPCA Extermination offre ses services commerciaux et r\u00e9sidentiels aux Montr\u00e9alais depuis plus de 30 ans. Notre personnel discret et professionnel peut efficacement contenir une infestation dans un \u00e9tablissement commercial, une tour \u00e0 bureaux, une manufacture, un entrep\u00f4t, un restaurant ou tout autre type d\u2019installations.\t\t\t<\/h5>\n\t\t\t<\/div>\n<\/div>[vc_empty_space height=\u00a0\u00bb32&Prime;]\t\t<\/div>\n\t<\/div>\n<\/div><\/div>[\/vc_column][vc_column offset=\u00a0\u00bbvc_col-lg-offset-0 vc_col-lg-6 vc_col-md-offset-0 vc_col-md-12 vc_col-sm-offset-0&Prime;]<div class=\"mkdf-single-image-holder   \">\n    <div class=\"mkdf-si-inner\" >\n                                    <img loading=\"lazy\" decoding=\"async\" width=\"800\" height=\"558\" src=\"https:\/\/pcaextermination.net\/wp-content\/uploads\/2023\/03\/com1.jpg\" class=\"attachment-full size-full\" alt=\"\" srcset=\"https:\/\/pcaextermination.net\/wp-content\/uploads\/2023\/03\/com1.jpg 800w, https:\/\/pcaextermination.net\/wp-content\/uploads\/2023\/03\/com1-300x209.jpg 300w, https:\/\/pcaextermination.net\/wp-content\/uploads\/2023\/03\/com1-768x536.jpg 768w\" sizes=\"auto, (max-width: 800px) 100vw, 800px\" \/>                        <\/div>\n<\/div>[vc_empty_space height=\u00a0\u00bb32&Prime;][\/vc_column][\/vc_row][vc_row row_content_width=\u00a0\u00bbgrid\u00a0\u00bb row_btt_skin=\u00a0\u00bblight\u00a0\u00bb row_background_text_position=\u00a0\u00bbfront\u00a0\u00bb][vc_column offset=\u00a0\u00bbvc_col-lg-offset-0 vc_col-lg-6 vc_col-md-offset-0 vc_col-md-12 vc_col-sm-offset-0&Prime;]<div class=\"mkdf-elements-holder   mkdf-one-column  mkdf-responsive-mode-768 \" ><div class=\"mkdf-eh-item    \"  data-item-class=\"mkdf-eh-custom-8590\" data-769-1024=\"0 35px 0 35px\" data-681-768=\"0 35px 0 35px\" data-680=\"0 15px 0 15px\">\n\t<div class=\"mkdf-eh-item-inner\">\n\t\t<div class=\"mkdf-eh-item-content mkdf-eh-custom-8590\" >\n\t\t\t<div class=\"mkdf-single-image-holder   \">\n    <div class=\"mkdf-si-inner\" >\n                                    <img loading=\"lazy\" decoding=\"async\" width=\"800\" height=\"558\" src=\"https:\/\/pcaextermination.net\/wp-content\/uploads\/2023\/03\/experiance.jpg\" class=\"attachment-full size-full\" alt=\"\" srcset=\"https:\/\/pcaextermination.net\/wp-content\/uploads\/2023\/03\/experiance.jpg 800w, https:\/\/pcaextermination.net\/wp-content\/uploads\/2023\/03\/experiance-300x209.jpg 300w, https:\/\/pcaextermination.net\/wp-content\/uploads\/2023\/03\/experiance-768x536.jpg 768w\" sizes=\"auto, (max-width: 800px) 100vw, 800px\" \/>                        <\/div>\n<\/div>[vc_empty_space height=\u00a0\u00bb32&Prime;]\t\t<\/div>\n\t<\/div>\n<\/div><\/div>[\/vc_column][vc_column offset=\u00a0\u00bbvc_col-lg-offset-0 vc_col-lg-6 vc_col-md-offset-0 vc_col-md-12 vc_col-sm-offset-0&Prime;]<div class=\"mkdf-elements-holder   mkdf-one-column  mkdf-responsive-mode-768 \" ><div class=\"mkdf-eh-item    \"  data-item-class=\"mkdf-eh-custom-7733\" data-1367-1600=\"46px 100px 0 50px\" data-1025-1366=\"21px 0px 0 50px\" data-769-1024=\"76px 260px 0px 0px\" data-681-768=\"76px 120px 0px 0px\" data-680=\"76px 0px 0px 0px\">\n\t<div class=\"mkdf-eh-item-inner\">\n\t\t<div class=\"mkdf-eh-item-content mkdf-eh-custom-7733\" style=\"padding: 60px 90px 0 50px\">\n\t\t\t<div class=\"mkdf-section-title-holder  mkdf-st-standard mkdf-st-title-left mkdf-st-normal-space \" >\n\t<div class=\"mkdf-st-inner\">\n                    <h6 class=\"mkdf-st-intro-title\" >\n                lutte antiparasitaire commerciale            <\/h6>\n        \t\t\t\t\t<h2 class=\"mkdf-st-title\" >\n\t\t\t\tS\u00fbr et \u00e9cologique\t\t\t<\/h2>\n\t\t\t\t\t\t\t<h5 class=\"mkdf-st-text\" style=\"color: #565969;font-size: 18px;line-height: 26px;font-weight: 400;margin-top: 21px\">\n\t\t\t\tNous proposons une vaste gamme de services, incluant des options non toxiques qui nous permettent de r\u00e9pondre \u00e0 ces besoins tout en offrant des strat\u00e9gies de contr\u00f4le parasitaire qui enrayent le probl\u00e8me, et pr\u00e9viennent les infestations futures. Nous croyons que notre approche, qui consiste \u00e0 \u00e9liminer et pr\u00e9venir, est la meilleure fa\u00e7on d\u2019assurer la s\u00e9curit\u00e9 de vos installations. De concert avec vous, nos techniciens certifi\u00e9s mettront au point des solutions qui d\u00e9passeront vos attentes tout en offrant un milieu s\u00fbr \u00e0 vos employ\u00e9s, vos invit\u00e9s et vos clients; leur perception de votre entreprise nous tient \u00e0 c\u0153ur.\t\t\t<\/h5>\n\t\t\t<\/div>\n<\/div>[vc_empty_space]\t\t<\/div>\n\t<\/div>\n<\/div><\/div>[\/vc_column][\/vc_row][vc_row row_content_width=\u00a0\u00bbgrid\u00a0\u00bb row_btt_skin=\u00a0\u00bblight\u00a0\u00bb row_background_text_position=\u00a0\u00bbfront\u00a0\u00bb][vc_column offset=\u00a0\u00bbvc_col-lg-offset-0 vc_col-lg-6 vc_col-md-offset-0 vc_col-md-12 vc_col-sm-offset-0&Prime;]<div class=\"mkdf-elements-holder   mkdf-one-column  mkdf-responsive-mode-768 \" ><div class=\"mkdf-eh-item    \"  data-item-class=\"mkdf-eh-custom-7702\" data-1367-1600=\"20px 70px 0 0px\" data-1025-1366=\"0px 10px 0 0px\" data-769-1024=\"0px 260px 80px 0px\" data-681-768=\"0px 120px 80px 0px\" data-680=\"0px 0px 80px 0px\">\n\t<div class=\"mkdf-eh-item-inner\">\n\t\t<div class=\"mkdf-eh-item-content mkdf-eh-custom-7702\" style=\"padding: 20px 110px 0 0px\">\n\t\t\t<div class=\"mkdf-section-title-holder  mkdf-st-standard mkdf-st-title-left mkdf-st-normal-space \" >\n\t<div class=\"mkdf-st-inner\">\n                    <h6 class=\"mkdf-st-intro-title\" style=\"color: #565969\">\n                lutte antiparasitaire commerciale            <\/h6>\n        \t\t\t\t\t<h2 class=\"mkdf-st-title\" >\n\t\t\t\tVos partenaires silencieux\t\t\t<\/h2>\n\t\t\t\t\t\t\t<h5 class=\"mkdf-st-text\" style=\"color: #565969;font-size: 18px;line-height: 26px;font-weight: 400;margin-top: 20px\">\n\t\t\t\tNos techniciens en contr\u00f4le des animaux nuisibles sont form\u00e9s pour \u0153uvrer avec tact dans des environnements de travail. Ils n\u2019utilisent que la quantit\u00e9 minimale requise de produits chimiques, afin de maintenir notre engagement \u00e9cologique tout en offrant des traitements hautement efficaces et des rapports d\u00e9taill\u00e9s. Nos sp\u00e9cialistes ont l\u2019habitude de travailler \u00e9troitement avec le personnel d\u2019entretien d\u2019\u00e9difices, les administrateurs et les gestionnaires afin de mettre au point des m\u00e9thodes de bonne pratique en mati\u00e8re de contr\u00f4le et de pr\u00e9vention d\u2019infestations parasitaires.\t\t\t<\/h5>\n\t\t\t<\/div>\n<\/div>[vc_empty_space]\t\t<\/div>\n\t<\/div>\n<\/div><\/div>[\/vc_column][vc_column offset=\u00a0\u00bbvc_col-lg-offset-0 vc_col-lg-6 vc_col-md-offset-0 vc_col-md-12 vc_col-sm-offset-0&Prime;]<div class=\"mkdf-single-image-holder   \">\n    <div class=\"mkdf-si-inner\" >\n                                    <img loading=\"lazy\" decoding=\"async\" width=\"600\" height=\"408\" src=\"https:\/\/pcaextermination.net\/wp-content\/uploads\/2023\/09\/building-jpg.webp\" class=\"attachment-full size-full\" alt=\"Pest control in stairway\" \/>                        <\/div>\n<\/div>[vc_empty_space][\/vc_column][\/vc_row][vc_row row_content_width=\u00a0\u00bbgrid\u00a0\u00bb row_btt_skin=\u00a0\u00bblight\u00a0\u00bb row_background_text_position=\u00a0\u00bbfront\u00a0\u00bb][vc_column offset=\u00a0\u00bbvc_col-lg-offset-0 vc_col-lg-6 vc_col-md-offset-0 vc_col-md-12 vc_col-sm-offset-0&Prime;]<div class=\"mkdf-elements-holder   mkdf-one-column  mkdf-responsive-mode-768 \" ><div class=\"mkdf-eh-item    \"  data-item-class=\"mkdf-eh-custom-1542\" data-769-1024=\"0 35px 0 35px\" data-681-768=\"0 35px 0 35px\" data-680=\"0 15px 0 15px\">\n\t<div class=\"mkdf-eh-item-inner\">\n\t\t<div class=\"mkdf-eh-item-content mkdf-eh-custom-1542\" >\n\t\t\t<div class=\"mkdf-single-image-holder   \">\n    <div class=\"mkdf-si-inner\" >\n                                    <img loading=\"lazy\" decoding=\"async\" width=\"800\" height=\"558\" src=\"https:\/\/pcaextermination.net\/wp-content\/uploads\/2023\/03\/vehicle.jpg\" class=\"attachment-full size-full\" alt=\"\" srcset=\"https:\/\/pcaextermination.net\/wp-content\/uploads\/2023\/03\/vehicle.jpg 800w, https:\/\/pcaextermination.net\/wp-content\/uploads\/2023\/03\/vehicle-300x209.jpg 300w, https:\/\/pcaextermination.net\/wp-content\/uploads\/2023\/03\/vehicle-768x536.jpg 768w\" sizes=\"auto, (max-width: 800px) 100vw, 800px\" \/>                        <\/div>\n<\/div>[vc_empty_space]\t\t<\/div>\n\t<\/div>\n<\/div><\/div>[\/vc_column][vc_column offset=\u00a0\u00bbvc_col-lg-offset-0 vc_col-lg-6 vc_col-md-offset-0 vc_col-md-12 vc_col-sm-offset-0&Prime;]<div class=\"mkdf-elements-holder   mkdf-one-column  mkdf-responsive-mode-768 \" ><div class=\"mkdf-eh-item    \"  data-item-class=\"mkdf-eh-custom-8189\" data-1367-1600=\"46px 100px 0 50px\" data-1025-1366=\"21px 0px 0 50px\" data-769-1024=\"76px 260px 0px 0px\" data-681-768=\"76px 120px 0px 0px\" data-680=\"76px 0px 0px 0px\">\n\t<div class=\"mkdf-eh-item-inner\">\n\t\t<div class=\"mkdf-eh-item-content mkdf-eh-custom-8189\" style=\"padding: 46px 90px 0 80px\">\n\t\t\t<div class=\"mkdf-section-title-holder  mkdf-st-standard mkdf-st-title-left mkdf-st-normal-space \" >\n\t<div class=\"mkdf-st-inner\">\n                    <h6 class=\"mkdf-st-intro-title\" >\n                lutte antiparasitaire commerciale            <\/h6>\n        \t\t\t\t\t<h2 class=\"mkdf-st-title\" >\n\t\t\t\tUne solution discr\u00e8te<br \/>\t\t\t<\/h2>\n\t\t\t\t\t\t\t<h5 class=\"mkdf-st-text\" style=\"color: #565969;font-size: 18px;line-height: 26px;font-weight: 400;margin-top: 21px\">\n\t\t\t\tNous comprenons que vous souhaitiez une solution discr\u00e8te \u00e0 un probl\u00e8me ind\u00e9sirable. Pour assurer votre confidentialit\u00e9, nous arrivons \u00e0 votre entreprise, bureau, magasin ou lieu de travail dans des v\u00e9hicules non identifi\u00e9s. Pourquoi annoncer que vous avez un probl\u00e8me si vous n'avez pas \u00e0 le faire ?\t\t\t<\/h5>\n\t\t\t<\/div>\n<\/div>[vc_empty_space]<a itemprop=\"url\" href=\"https:\/\/pcaextermination.net\/fr\/contactez-nous\/\" target=\"_self\" style=\"padding: 7px 38px\" class=\"mkdf-btn mkdf-btn-medium mkdf-btn-solid\"  >\n    <span class=\"mkdf-btn-text\">Obtenez une consultation gratuite<\/span>\n    <\/a>[vc_empty_space]\t\t<\/div>\n\t<\/div>\n<\/div><\/div>[\/vc_column][\/vc_row][vc_row row_content_width=\u00a0\u00bbgrid\u00a0\u00bb row_btt_skin=\u00a0\u00bblight\u00a0\u00bb row_background_text_position=\u00a0\u00bbfront\u00a0\u00bb css=\u00a0\u00bb.vc_custom_1678571680349{padding-top: 60px !important;}\u00a0\u00bb][vc_column width=\u00a0\u00bb1\/2&Prime; offset=\u00a0\u00bbvc_col-lg-offset-0 vc_col-lg-3 vc_col-md-offset-0 vc_col-md-6 vc_col-sm-offset-0&Prime;]<div class=\"mkdf-iwt clearfix  mkdf-iwt-icon-top-centered  mkdf-iwt-icon-medium\" >\n\t<div class=\"mkdf-iwt-icon\">\n\t\t\t\t\t\t\t\t\t<img loading=\"lazy\" decoding=\"async\" width=\"80\" height=\"80\" src=\"https:\/\/pcaextermination.net\/wp-content\/uploads\/2023\/03\/car_icon.png\" class=\"attachment-full size-full\" alt=\"\" \/>                \t\t\t<\/div>\n\t<div class=\"mkdf-iwt-content\" style=\"padding-top: px\">\n                    <p class=\"mkdf-iwt-caption\" >Regions desservies<\/p>\n        \t\t\t\t\t<h4 class=\"mkdf-iwt-title\" style=\"margin-top: -3px\">\n\t\t\t\t\t\t\t\t<span class=\"mkdf-iwt-title-text\">La grande r\u00e9gion de Montr\u00e9al<\/span>\n\t\t\t\t\t\t\t<\/h4>\n\t\t\t\t\t<\/div>\n<\/div>[vc_empty_space][\/vc_column][vc_column width=\u00a0\u00bb1\/2&Prime; offset=\u00a0\u00bbvc_col-lg-offset-0 vc_col-lg-3 vc_col-md-offset-0 vc_col-md-6 vc_col-sm-offset-0&Prime;]<div class=\"mkdf-iwt clearfix  mkdf-iwt-icon-top-centered  mkdf-iwt-icon-medium\" >\n\t<div class=\"mkdf-iwt-icon\">\n\t\t\t\t\t\t\t\t\t<img loading=\"lazy\" decoding=\"async\" width=\"80\" height=\"80\" src=\"https:\/\/pcaextermination.net\/wp-content\/uploads\/2023\/03\/eco-friendly.png\" class=\"attachment-full size-full\" alt=\"\" \/>                \t\t\t<\/div>\n\t<div class=\"mkdf-iwt-content\" style=\"padding-top: px\">\n                    <p class=\"mkdf-iwt-caption\" >naturelles et douces<\/p>\n        \t\t\t\t\t<h4 class=\"mkdf-iwt-title\" style=\"margin-top: -3px\">\n\t\t\t\t\t\t\t\t<span class=\"mkdf-iwt-title-text\">Solutions \u00e9cologiques<\/span>\n\t\t\t\t\t\t\t<\/h4>\n\t\t\t\t\t<\/div>\n<\/div>[vc_empty_space][\/vc_column][vc_column width=\u00a0\u00bb1\/2&Prime; offset=\u00a0\u00bbvc_col-lg-offset-0 vc_col-lg-3 vc_col-md-offset-0 vc_col-md-6 vc_col-sm-offset-0&Prime;]<div class=\"mkdf-iwt clearfix  mkdf-iwt-icon-top-centered  mkdf-iwt-icon-medium\" >\n\t<div class=\"mkdf-iwt-icon\">\n\t\t\t\t\t\t\t\t\t<img loading=\"lazy\" decoding=\"async\" width=\"80\" height=\"80\" src=\"https:\/\/pcaextermination.net\/wp-content\/uploads\/2023\/03\/contract.png\" class=\"attachment-full size-full\" alt=\"\" \/>                \t\t\t<\/div>\n\t<div class=\"mkdf-iwt-content\" style=\"padding-top: px\">\n                    <p class=\"mkdf-iwt-caption\" >sans risque<\/p>\n        \t\t\t\t\t<h4 class=\"mkdf-iwt-title\" style=\"margin-top: -3px\">\n\t\t\t\t\t\t\t\t<span class=\"mkdf-iwt-title-text\">Garantie par \u00e9crit<\/span>\n\t\t\t\t\t\t\t<\/h4>\n\t\t\t\t\t<\/div>\n<\/div>[vc_empty_space][\/vc_column][vc_column width=\u00a0\u00bb1\/2&Prime; offset=\u00a0\u00bbvc_col-lg-offset-0 vc_col-lg-3 vc_col-md-offset-0 vc_col-md-6 vc_col-sm-offset-0&Prime;]<div class=\"mkdf-iwt clearfix  mkdf-iwt-icon-top-centered  mkdf-iwt-icon-medium\" >\n\t<div class=\"mkdf-iwt-icon\">\n\t\t\t\t\t\t\t\t\t<img loading=\"lazy\" decoding=\"async\" width=\"80\" height=\"88\" src=\"https:\/\/pcaextermination.net\/wp-content\/uploads\/2023\/03\/license.png\" class=\"attachment-full size-full\" alt=\"\" \/>                \t\t\t<\/div>\n\t<div class=\"mkdf-iwt-content\" style=\"padding-top: px\">\n                    <p class=\"mkdf-iwt-caption\" >certifi\u00e9 par le gouvernement du qu\u00e9bec<\/p>\n        \t\t\t\t\t<h4 class=\"mkdf-iwt-title\" style=\"margin-top: -3px\">\n\t\t\t\t\t\t\t\t<span class=\"mkdf-iwt-title-text\">Autoris\u00e9<\/span>\n\t\t\t\t\t\t\t<\/h4>\n\t\t\t\t\t<\/div>\n<\/div>[vc_empty_space][\/vc_column][\/vc_row][vc_row row_btt_skin=\u00a0\u00bblight\u00a0\u00bb row_background_text_position=\u00a0\u00bbfront\u00a0\u00bb][vc_column]<div class=\"mkdf-elements-holder   mkdf-one-column  mkdf-responsive-mode-768 \" ><div class=\"mkdf-eh-item    \"  data-item-class=\"mkdf-eh-custom-3200\" data-1367-1600=\"82px 0 0 130px\" data-1025-1366=\"82px 0 0 122px\" data-769-1024=\"1px 0 0 124px\" data-681-768=\"1px 0 0 80px\" data-680=\"0px 0 0 35px\">\n\t<div class=\"mkdf-eh-item-inner\">\n\t\t<div class=\"mkdf-eh-item-content mkdf-eh-custom-3200\" style=\"padding: 141px 0 0 297px\">\n\t\t\t[vc_column_text]<\/p>\n<h1>Promotions<\/h1>\n<p>[\/vc_column_text]\t\t<\/div>\n\t<\/div>\n<\/div><\/div>[\/vc_column][\/vc_row][vc_row row_content_width=\u00a0\u00bbgrid\u00a0\u00bb row_btt_skin=\u00a0\u00bblight\u00a0\u00bb row_background_text_position=\u00a0\u00bbfront\u00a0\u00bb css=\u00a0\u00bb.vc_custom_1678571719447{padding-bottom: 100px !important;}\u00a0\u00bb][vc_column offset=\u00a0\u00bbvc_col-lg-offset-0 vc_col-lg-12 vc_col-md-offset-0 vc_col-md-12 vc_col-sm-offset-0&Prime;]<div class=\"mkdf-pricing-tables mkdf-grid-list mkdf-disable-bottom-space clearfix mkdf-three-columns mkdf-small-space\"><div class=\"mkdf-pt-wrapper mkdf-outer-space\"><div class=\"mkdf-price-table mkdf-item-space  \">\n\t<div class=\"mkdf-pt-inner\" >\n\t\t<ul>\n\t\t\t<li class=\"mkdf-pt-title-holder\">\n\t\t\t\t<h4 class=\"mkdf-pt-title\" >2 Traitements Ext\u00e9rieurs<\/h4>\n\t\t\t<\/li>\n\t\t\t<li class=\"mkdf-pt-prices clearfix\">\n\t\t\t\t<span class=\"mkdf-pt-price\" >249<\/span>\n                <sup class=\"mkdf-pt-value\" >$<\/sup>\n\t\t\t\t<h6 class=\"mkdf-pt-mark\" >+ Taxes<\/h6>\n\t\t\t<\/li>\n\t\t\t<li class=\"mkdf-pt-content\">\n\t\t\t\t\n<ul>\n<li>Consultation gratuite<\/li>\n<li>2 Traitements Ext\u00e9rieurs<\/li>\n<li>Solutions \u00e9cologiques<\/li>\n<li>Garantie par \u00e9crit<\/li>\n<\/ul>\n\t\t\t<\/li>\n\t\t\t\t\t\t\t<li class=\"mkdf-pt-button\">\n\t\t\t\t\t<a itemprop=\"url\" href=\"https:\/\/pcaextermination.net\/fr\/contactez-nous\/\" target=\"_self\"  class=\"mkdf-btn mkdf-btn-large mkdf-btn-solid\"  >    <span class=\"mkdf-btn-text\">Contactez-nous<\/span>    <\/a>\t\t\t\t<\/li>\t\t\t\t\n\t\t\t\t\t<\/ul>\n\t<\/div>\n<\/div><div class=\"mkdf-price-table mkdf-item-space  mkdf-pt-active-item\">\n\t<div class=\"mkdf-pt-inner\" >\n\t\t<ul>\n\t\t\t<li class=\"mkdf-pt-title-holder\">\n\t\t\t\t<h4 class=\"mkdf-pt-title\" >Traitements Interieur<\/h4>\n\t\t\t<\/li>\n\t\t\t<li class=\"mkdf-pt-prices clearfix\">\n\t\t\t\t<span class=\"mkdf-pt-price\" >20<\/span>\n                <sup class=\"mkdf-pt-value\" >%<\/sup>\n\t\t\t\t<h6 class=\"mkdf-pt-mark\" >rabais<\/h6>\n\t\t\t<\/li>\n\t\t\t<li class=\"mkdf-pt-content\">\n\t\t\t\t\n<ul>\n<li>Consultation gratuite<\/li>\n<li>Traitements Interieur<\/li>\n<li>Solutions \u00e9cologiques<\/li>\n<li>Garantie par \u00e9crit<\/li>\n<\/ul>\n\t\t\t<\/li>\n\t\t\t\t\t\t\t<li class=\"mkdf-pt-button\">\n\t\t\t\t\t<a itemprop=\"url\" href=\"https:\/\/pcaextermination.net\/fr\/contactez-nous\/\" target=\"_self\"  class=\"mkdf-btn mkdf-btn-large mkdf-btn-solid\"  >    <span class=\"mkdf-btn-text\">Contactez-nous<\/span>    <\/a>\t\t\t\t<\/li>\t\t\t\t\n\t\t\t\t\t<\/ul>\n\t<\/div>\n<\/div><div class=\"mkdf-price-table mkdf-item-space  \">\n\t<div class=\"mkdf-pt-inner\" >\n\t\t<ul>\n\t\t\t<li class=\"mkdf-pt-title-holder\">\n\t\t\t\t<h4 class=\"mkdf-pt-title\" >3 Traitements Ext\u00e9rieurs<\/h4>\n\t\t\t<\/li>\n\t\t\t<li class=\"mkdf-pt-prices clearfix\">\n\t\t\t\t<span class=\"mkdf-pt-price\" >349<\/span>\n                <sup class=\"mkdf-pt-value\" >$<\/sup>\n\t\t\t\t<h6 class=\"mkdf-pt-mark\" >+ Taxes<\/h6>\n\t\t\t<\/li>\n\t\t\t<li class=\"mkdf-pt-content\">\n\t\t\t\t\n<ul>\n<li>Consultation gratuite<\/li>\n<li>3 Traitements Ext\u00e9rieurs<\/li>\n<li>Solutions \u00e9cologiques<\/li>\n<li>Garantie par \u00e9crit<\/li>\n<\/ul>\n\t\t\t<\/li>\n\t\t\t\t\t\t\t<li class=\"mkdf-pt-button\">\n\t\t\t\t\t<a itemprop=\"url\" href=\"https:\/\/pcaextermination.net\/fr\/contactez-nous\/\" target=\"_self\"  class=\"mkdf-btn mkdf-btn-large mkdf-btn-solid\"  >    <span class=\"mkdf-btn-text\">Contactez-nous<\/span>    <\/a>\t\t\t\t<\/li>\t\t\t\t\n\t\t\t\t\t<\/ul>\n\t<\/div>\n<\/div><\/div><\/div>[\/vc_column][\/vc_row]<\/p>\n<\/section>","protected":false},"excerpt":{"rendered":"<p>[vc_row row_content_width=\u00a0\u00bbgrid\u00a0\u00bb row_btt_skin=\u00a0\u00bblight\u00a0\u00bb row_background_text_position=\u00a0\u00bbfront\u00a0\u00bb][vc_column offset=\u00a0\u00bbvc_col-lg-offset-0 vc_col-lg-6 vc_col-md-offset-0 vc_col-md-12 vc_col-sm-offset-0&Prime;][\/vc_column][vc_column offset=\u00a0\u00bbvc_col-lg-offset-0 vc_col-lg-6 vc_col-md-offset-0 vc_col-md-12 vc_col-sm-offset-0&Prime;][vc_empty_space height=\u00a0\u00bb32&Prime;][\/vc_column][\/vc_row][vc_row row_content_width=\u00a0\u00bbgrid\u00a0\u00bb row_btt_skin=\u00a0\u00bblight\u00a0\u00bb row_background_text_position=\u00a0\u00bbfront\u00a0\u00bb][vc_column offset=\u00a0\u00bbvc_col-lg-offset-0 vc_col-lg-6 vc_col-md-offset-0 vc_col-md-12 vc_col-sm-offset-0&Prime;][\/vc_column][vc_column offset=\u00a0\u00bbvc_col-lg-offset-0 vc_col-lg-6 vc_col-md-offset-0 vc_col-md-12 vc_col-sm-offset-0&Prime;][\/vc_column][\/vc_row][vc_row row_content_width=\u00a0\u00bbgrid\u00a0\u00bb row_btt_skin=\u00a0\u00bblight\u00a0\u00bb row_background_text_position=\u00a0\u00bbfront\u00a0\u00bb][vc_column offset=\u00a0\u00bbvc_col-lg-offset-0 vc_col-lg-6 vc_col-md-offset-0 vc_col-md-12 vc_col-sm-offset-0&Prime;][\/vc_column][vc_column offset=\u00a0\u00bbvc_col-lg-offset-0 vc_col-lg-6 vc_col-md-offset-0 vc_col-md-12 [&hellip;]<\/p>\n","protected":false},"author":1,"featured_media":0,"parent":0,"menu_order":0,"comment_status":"closed","ping_status":"closed","template":"full-width.php","meta":{"_monsterinsights_skip_tracking":false,"_monsterinsights_sitenote_active":false,"_monsterinsights_sitenote_note":"","_monsterinsights_sitenote_category":0,"footnotes":""},"class_list":["post-7775","page","type-page","status-publish","hentry"],"aioseo_notices":[],"_links":{"self":[{"href":"https:\/\/pcaextermination.net\/fr\/wp-json\/wp\/v2\/pages\/7775","targetHints":{"allow":["GET"]}}],"collection":[{"href":"https:\/\/pcaextermination.net\/fr\/wp-json\/wp\/v2\/pages"}],"about":[{"href":"https:\/\/pcaextermination.net\/fr\/wp-json\/wp\/v2\/types\/page"}],"author":[{"embeddable":true,"href":"https:\/\/pcaextermination.net\/fr\/wp-json\/wp\/v2\/users\/1"}],"replies":[{"embeddable":true,"href":"https:\/\/pcaextermination.net\/fr\/wp-json\/wp\/v2\/comments?post=7775"}],"version-history":[{"count":18,"href":"https:\/\/pcaextermination.net\/fr\/wp-json\/wp\/v2\/pages\/7775\/revisions"}],"predecessor-version":[{"id":8160,"href":"https:\/\/pcaextermination.net\/fr\/wp-json\/wp\/v2\/pages\/7775\/revisions\/8160"}],"wp:attachment":[{"href":"https:\/\/pcaextermination.net\/fr\/wp-json\/wp\/v2\/media?parent=7775"}],"curies":[{"name":"wp","href":"https:\/\/api.w.org\/{rel}","templated":true}]}}