{"id":7763,"date":"2023-03-11T17:21:10","date_gmt":"2023-03-11T17:21:10","guid":{"rendered":"https:\/\/pcaextermination.net\/services-residentiels\/"},"modified":"2023-09-16T17:57:40","modified_gmt":"2023-09-16T17:57:40","slug":"services-residentiels","status":"publish","type":"page","link":"https:\/\/pcaextermination.net\/fr\/services-residentiels\/","title":{"rendered":"Services R\u00e9sidentiels"},"content":{"rendered":"<section class=\"wpb-content-wrapper\"><p>[vc_row row_content_width=\u00a0\u00bbgrid\u00a0\u00bb row_btt_skin=\u00a0\u00bblight\u00a0\u00bb row_background_text_position=\u00a0\u00bbfront\u00a0\u00bb css=\u00a0\u00bb.vc_custom_1678563099379{margin-top: 100px !important;}\u00a0\u00bb][vc_column offset=\u00a0\u00bbvc_col-lg-offset-0 vc_col-lg-6 vc_col-md-offset-0 vc_col-md-12 vc_col-sm-offset-0&Prime;]<div class=\"mkdf-elements-holder   mkdf-one-column  mkdf-responsive-mode-768 \" ><div class=\"mkdf-eh-item    \"  data-item-class=\"mkdf-eh-custom-4081\" data-769-1024=\"0 35px 0 35px\" data-681-768=\"0 35px 0 35px\" data-680=\"0 15px 0 15px\">\n\t<div class=\"mkdf-eh-item-inner\">\n\t\t<div class=\"mkdf-eh-item-content mkdf-eh-custom-4081\" >\n\t\t\t<div class=\"mkdf-single-image-holder   \">\n    <div class=\"mkdf-si-inner\" >\n                                    <img loading=\"lazy\" decoding=\"async\" width=\"800\" height=\"558\" src=\"https:\/\/pcaextermination.net\/wp-content\/uploads\/2023\/03\/green.jpg\" class=\"attachment-full size-full\" alt=\"\" srcset=\"https:\/\/pcaextermination.net\/wp-content\/uploads\/2023\/03\/green.jpg 800w, https:\/\/pcaextermination.net\/wp-content\/uploads\/2023\/03\/green-300x209.jpg 300w, https:\/\/pcaextermination.net\/wp-content\/uploads\/2023\/03\/green-768x536.jpg 768w\" sizes=\"auto, (max-width: 800px) 100vw, 800px\" \/>                        <\/div>\n<\/div>[vc_empty_space height=\u00a0\u00bb32&Prime;]\t\t<\/div>\n\t<\/div>\n<\/div><\/div>[\/vc_column][vc_column offset=\u00a0\u00bbvc_col-lg-offset-0 vc_col-lg-6 vc_col-md-offset-0 vc_col-md-12 vc_col-sm-offset-0&Prime;]<div class=\"mkdf-elements-holder   mkdf-one-column  mkdf-responsive-mode-768 \" ><div class=\"mkdf-eh-item    \"  data-item-class=\"mkdf-eh-custom-5544\" data-1367-1600=\"46px 100px 0 50px\" data-1025-1366=\"21px 0px 0 50px\" data-769-1024=\"76px 260px 0px 0px\" data-681-768=\"76px 120px 0px 0px\" data-680=\"76px 0px 0px 0px\">\n\t<div class=\"mkdf-eh-item-inner\">\n\t\t<div class=\"mkdf-eh-item-content mkdf-eh-custom-5544\" style=\"padding: 46px 90px 0 50px\">\n\t\t\t<div class=\"mkdf-section-title-holder  mkdf-st-standard mkdf-st-title-left mkdf-st-normal-space \" >\n\t<div class=\"mkdf-st-inner\">\n                    <h6 class=\"mkdf-st-intro-title\" >\n                lutte antiparasitaire r\u00e9sidentielle            <\/h6>\n        \t\t\t\t\t<h2 class=\"mkdf-st-title\" >\n\t\t\t\tUne approche environnementale<br \/>\t\t\t<\/h2>\n\t\t\t\t\t\t\t<h5 class=\"mkdf-st-text\" style=\"color: #565969;font-size: 18px;line-height: 26px;font-weight: 400;margin-top: 21px\">\n\t\t\t\tPCA Extermination est tr\u00e8s fi\u00e8re de son approche efficace, fiable, innovatrice et soucieuse envers l'environnement en mati\u00e8re de lutte aux parasites. C'est pourquoi nous offrons \u00e0 nos clients des produits organiques et des solutions sans pesticides. Lorsque le choix s'arr\u00eate sur un pesticide, nous utilisons une famille de produits s\u00e9curitaires et approuv\u00e9s. Selon le type et l'ampleur de l'infestation, PCA Extermination travaillera de pr\u00e8s avec chaque client afin de d\u00e9terminer le meilleur moyen et la meilleure technologie qui r\u00e8glera la situation.\t\t\t<\/h5>\n\t\t\t<\/div>\n<\/div>[vc_empty_space]\t\t<\/div>\n\t<\/div>\n<\/div><\/div>[\/vc_column][\/vc_row][vc_row row_content_width=\u00a0\u00bbgrid\u00a0\u00bb row_btt_skin=\u00a0\u00bblight\u00a0\u00bb row_background_text_position=\u00a0\u00bbfront\u00a0\u00bb][vc_column offset=\u00a0\u00bbvc_col-lg-offset-0 vc_col-lg-6 vc_col-md-offset-0 vc_col-md-12 vc_col-sm-offset-0&Prime;]<div class=\"mkdf-elements-holder   mkdf-one-column  mkdf-responsive-mode-768 \" ><div class=\"mkdf-eh-item    \"  data-item-class=\"mkdf-eh-custom-8488\" data-1367-1600=\"58px 110px 0 0px\" data-1025-1366=\"22px 10px 0 0px\" data-769-1024=\"0px 260px 80px 0px\" data-681-768=\"0px 120px 80px 0px\" data-680=\"0px 0px 80px 0px\">\n\t<div class=\"mkdf-eh-item-inner\">\n\t\t<div class=\"mkdf-eh-item-content mkdf-eh-custom-8488\" style=\"padding: 59px 110px 0 0px\">\n\t\t\t<div class=\"mkdf-section-title-holder  mkdf-st-standard mkdf-st-title-left mkdf-st-normal-space \" >\n\t<div class=\"mkdf-st-inner\">\n                    <h6 class=\"mkdf-st-intro-title\" style=\"color: #565969\">\n                lutte antiparasitaire r\u00e9sidentielle            <\/h6>\n        \t\t\t\t\t<h2 class=\"mkdf-st-title\" >\n\t\t\t\texp\u00e9riment\u00e9 et qualifi\u00e9\t\t\t<\/h2>\n\t\t\t\t\t\t\t<h5 class=\"mkdf-st-text\" style=\"color: #565969;font-size: 18px;line-height: 26px;font-weight: 400;margin-top: 20px\">\n\t\t\t\tForts de nos 30 ann\u00e9es de service et de satisfaction de la client\u00e8le dans la grande r\u00e9gion Montr\u00e9alaise, PCA Extermination dispose d\u2019une expertise prouv\u00e9e en mati\u00e8re de traitements antiparasitaires efficaces et s\u00e9curitaires. Nous desservons toutes sortes d\u2019installations r\u00e9sidentielles incluant les maisons, les appartements et les condominiums. Nos techniciens certifi\u00e9s mettront au point une strat\u00e9gie de traitement qui r\u00e9pond aux besoins sp\u00e9cifiques de votre demeure et qui tient compte de votre emplacement g\u00e9ographique, du type de b\u00e2timent et de la s\u00e9curit\u00e9 de votre famille.\t\t\t<\/h5>\n\t\t\t<\/div>\n<\/div>[vc_empty_space height=\u00a0\u00bb32&Prime;]\t\t<\/div>\n\t<\/div>\n<\/div><\/div>[\/vc_column][vc_column width=\u00a0\u00bb1\/2&Prime; offset=\u00a0\u00bbvc_col-lg-offset-0 vc_col-lg-3 vc_col-md-offset-0 vc_col-md-6 vc_col-sm-offset-0&Prime;]<div class=\"mkdf-single-image-holder   \">\n    <div class=\"mkdf-si-inner\" >\n                                    <img loading=\"lazy\" decoding=\"async\" width=\"302\" height=\"444\" src=\"https:\/\/pcaextermination.net\/wp-content\/uploads\/2023\/03\/res1.jpg\" class=\"attachment-full size-full\" alt=\"\" srcset=\"https:\/\/pcaextermination.net\/wp-content\/uploads\/2023\/03\/res1.jpg 302w, https:\/\/pcaextermination.net\/wp-content\/uploads\/2023\/03\/res1-204x300.jpg 204w\" sizes=\"auto, (max-width: 302px) 100vw, 302px\" \/>                        <\/div>\n<\/div>[vc_empty_space][\/vc_column][vc_column width=\u00a0\u00bb1\/2&Prime; offset=\u00a0\u00bbvc_col-lg-offset-0 vc_col-lg-3 vc_col-md-offset-0 vc_col-md-6 vc_col-sm-offset-0&Prime;]<div class=\"mkdf-single-image-holder   \">\n    <div class=\"mkdf-si-inner\" >\n                                    <img loading=\"lazy\" decoding=\"async\" width=\"302\" height=\"444\" src=\"https:\/\/pcaextermination.net\/wp-content\/uploads\/2023\/03\/res2.jpg\" class=\"attachment-full size-full\" alt=\"\" srcset=\"https:\/\/pcaextermination.net\/wp-content\/uploads\/2023\/03\/res2.jpg 302w, https:\/\/pcaextermination.net\/wp-content\/uploads\/2023\/03\/res2-204x300.jpg 204w\" sizes=\"auto, (max-width: 302px) 100vw, 302px\" \/>                        <\/div>\n<\/div>[vc_empty_space height=\u00a0\u00bb32&Prime;][\/vc_column][\/vc_row][vc_row row_content_width=\u00a0\u00bbgrid\u00a0\u00bb row_btt_skin=\u00a0\u00bblight\u00a0\u00bb row_background_text_position=\u00a0\u00bbfront\u00a0\u00bb][vc_column offset=\u00a0\u00bbvc_col-lg-offset-0 vc_col-lg-6 vc_col-md-offset-0 vc_col-md-12 vc_col-sm-offset-0&Prime;]<div class=\"mkdf-elements-holder   mkdf-one-column  mkdf-responsive-mode-768 \" ><div class=\"mkdf-eh-item    \"  data-item-class=\"mkdf-eh-custom-3420\" data-769-1024=\"0 35px 0 35px\" data-681-768=\"0 35px 0 35px\" data-680=\"0 15px 0 15px\">\n\t<div class=\"mkdf-eh-item-inner\">\n\t\t<div class=\"mkdf-eh-item-content mkdf-eh-custom-3420\" >\n\t\t\t<div class=\"mkdf-single-image-holder   \">\n    <div class=\"mkdf-si-inner\" >\n                                    <img loading=\"lazy\" decoding=\"async\" width=\"800\" height=\"558\" src=\"https:\/\/pcaextermination.net\/wp-content\/uploads\/2023\/03\/happy.jpg\" class=\"attachment-full size-full\" alt=\"\" srcset=\"https:\/\/pcaextermination.net\/wp-content\/uploads\/2023\/03\/happy.jpg 800w, https:\/\/pcaextermination.net\/wp-content\/uploads\/2023\/03\/happy-300x209.jpg 300w, https:\/\/pcaextermination.net\/wp-content\/uploads\/2023\/03\/happy-768x536.jpg 768w\" sizes=\"auto, (max-width: 800px) 100vw, 800px\" \/>                        <\/div>\n<\/div>[vc_empty_space]\t\t<\/div>\n\t<\/div>\n<\/div><\/div>[\/vc_column][vc_column offset=\u00a0\u00bbvc_col-lg-offset-0 vc_col-lg-6 vc_col-md-offset-0 vc_col-md-12 vc_col-sm-offset-0&Prime;]<div class=\"mkdf-elements-holder   mkdf-one-column  mkdf-responsive-mode-768 \" ><div class=\"mkdf-eh-item    \"  data-item-class=\"mkdf-eh-custom-4529\" data-1367-1600=\"46px 100px 0 50px\" data-1025-1366=\"21px 0px 0 50px\" data-769-1024=\"76px 260px 0px 0px\" data-681-768=\"76px 120px 0px 0px\" data-680=\"76px 0px 0px 0px\">\n\t<div class=\"mkdf-eh-item-inner\">\n\t\t<div class=\"mkdf-eh-item-content mkdf-eh-custom-4529\" style=\"padding: 46px 90px 0 80px\">\n\t\t\t<div class=\"mkdf-section-title-holder  mkdf-st-standard mkdf-st-title-left mkdf-st-normal-space \" >\n\t<div class=\"mkdf-st-inner\">\n                    <h6 class=\"mkdf-st-intro-title\" >\n                lutte antiparasitaire r\u00e9sidentielle            <\/h6>\n        \t\t\t\t\t<h2 class=\"mkdf-st-title\" >\n\t\t\t\tS\u00fbr et efficace<br \/>\t\t\t<\/h2>\n\t\t\t\t\t\t\t<h5 class=\"mkdf-st-text\" style=\"color: #565969;font-size: 18px;line-height: 26px;font-weight: 400;margin-top: 21px\">\n\t\t\t\tNous n\u2019utilisons que les produits les plus efficaces sur le march\u00e9, que nous appliquons avec soin directement aux endroits o\u00f9 les parasites vivent et se reproduisent, hors d\u2019atteinte de vos enfants et animaux familiers. Nous vous offrons aussi des services de contr\u00f4le efficaces et sans cruaut\u00e9 des oiseaux et des animaux sauvages. Vous pouvez compter sur nous pour \u00e9liminer tout probl\u00e8me d\u2019infestation, ce qui vous aidera \u00e0 maintenir la qui\u00e9tude constante de votre domicile d\u2019une mani\u00e8re s\u00e9curitaire.\t\t\t<\/h5>\n\t\t\t<\/div>\n<\/div>[vc_empty_space]<a itemprop=\"url\" href=\"https:\/\/pcaextermination.net\/fr\/contactez-nous\/\" target=\"_self\" style=\"padding: 7px 38px\" class=\"mkdf-btn mkdf-btn-medium mkdf-btn-solid\"  >\n    <span class=\"mkdf-btn-text\">Obtenez une consultation gratuite<\/span>\n    <\/a>[vc_empty_space]\t\t<\/div>\n\t<\/div>\n<\/div><\/div>[\/vc_column][\/vc_row][vc_row row_content_width=\u00a0\u00bbgrid\u00a0\u00bb row_btt_skin=\u00a0\u00bblight\u00a0\u00bb row_background_text_position=\u00a0\u00bbfront\u00a0\u00bb css=\u00a0\u00bb.vc_custom_1678563009543{padding-top: 60px !important;}\u00a0\u00bb][vc_column width=\u00a0\u00bb1\/2&Prime; offset=\u00a0\u00bbvc_col-lg-offset-0 vc_col-lg-3 vc_col-md-offset-0 vc_col-md-6 vc_col-sm-offset-0&Prime;]<div class=\"mkdf-iwt clearfix  mkdf-iwt-icon-top-centered  mkdf-iwt-icon-medium\" >\n\t<div class=\"mkdf-iwt-icon\">\n\t\t\t\t\t\t\t\t\t<img loading=\"lazy\" decoding=\"async\" width=\"80\" height=\"80\" src=\"https:\/\/pcaextermination.net\/wp-content\/uploads\/2023\/03\/car_icon.png\" class=\"attachment-full size-full\" alt=\"\" \/>                \t\t\t<\/div>\n\t<div class=\"mkdf-iwt-content\" style=\"padding-top: px\">\n                    <p class=\"mkdf-iwt-caption\" >r\u00e9gions desservies<\/p>\n        \t\t\t\t\t<h4 class=\"mkdf-iwt-title\" style=\"margin-top: -3px\">\n\t\t\t\t\t\t\t\t<span class=\"mkdf-iwt-title-text\">La grande r\u00e9gion de Montr\u00e9al<\/span>\n\t\t\t\t\t\t\t<\/h4>\n\t\t\t\t\t<\/div>\n<\/div>[vc_empty_space][\/vc_column][vc_column width=\u00a0\u00bb1\/2&Prime; offset=\u00a0\u00bbvc_col-lg-offset-0 vc_col-lg-3 vc_col-md-offset-0 vc_col-md-6 vc_col-sm-offset-0&Prime;]<div class=\"mkdf-iwt clearfix  mkdf-iwt-icon-top-centered  mkdf-iwt-icon-medium\" >\n\t<div class=\"mkdf-iwt-icon\">\n\t\t\t\t\t\t\t\t\t<img loading=\"lazy\" decoding=\"async\" width=\"80\" height=\"80\" src=\"https:\/\/pcaextermination.net\/wp-content\/uploads\/2023\/03\/eco-friendly.png\" class=\"attachment-full size-full\" alt=\"\" \/>                \t\t\t<\/div>\n\t<div class=\"mkdf-iwt-content\" style=\"padding-top: px\">\n                    <p class=\"mkdf-iwt-caption\" >respectueux de la nature<\/p>\n        \t\t\t\t\t<h4 class=\"mkdf-iwt-title\" style=\"margin-top: -3px\">\n\t\t\t\t\t\t\t\t<span class=\"mkdf-iwt-title-text\">Solutions \u00e9cologiques<\/span>\n\t\t\t\t\t\t\t<\/h4>\n\t\t\t\t\t<\/div>\n<\/div>[vc_empty_space][\/vc_column][vc_column width=\u00a0\u00bb1\/2&Prime; offset=\u00a0\u00bbvc_col-lg-offset-0 vc_col-lg-3 vc_col-md-offset-0 vc_col-md-6 vc_col-sm-offset-0&Prime;]<div class=\"mkdf-iwt clearfix  mkdf-iwt-icon-top-centered  mkdf-iwt-icon-medium\" >\n\t<div class=\"mkdf-iwt-icon\">\n\t\t\t\t\t\t\t\t\t<img loading=\"lazy\" decoding=\"async\" width=\"80\" height=\"80\" src=\"https:\/\/pcaextermination.net\/wp-content\/uploads\/2023\/03\/contract.png\" class=\"attachment-full size-full\" alt=\"\" \/>                \t\t\t<\/div>\n\t<div class=\"mkdf-iwt-content\" style=\"padding-top: px\">\n                    <p class=\"mkdf-iwt-caption\" >sans risque<\/p>\n        \t\t\t\t\t<h4 class=\"mkdf-iwt-title\" style=\"margin-top: -3px\">\n\t\t\t\t\t\t\t\t<span class=\"mkdf-iwt-title-text\">Garantie par \u00e9crit<\/span>\n\t\t\t\t\t\t\t<\/h4>\n\t\t\t\t\t<\/div>\n<\/div>[vc_empty_space][\/vc_column][vc_column width=\u00a0\u00bb1\/2&Prime; offset=\u00a0\u00bbvc_col-lg-offset-0 vc_col-lg-3 vc_col-md-offset-0 vc_col-md-6 vc_col-sm-offset-0&Prime;]<div class=\"mkdf-iwt clearfix  mkdf-iwt-icon-top-centered  mkdf-iwt-icon-medium\" >\n\t<div class=\"mkdf-iwt-icon\">\n\t\t\t\t\t\t\t\t\t<img loading=\"lazy\" decoding=\"async\" width=\"80\" height=\"88\" src=\"https:\/\/pcaextermination.net\/wp-content\/uploads\/2023\/03\/license.png\" class=\"attachment-full size-full\" alt=\"\" \/>                \t\t\t<\/div>\n\t<div class=\"mkdf-iwt-content\" style=\"padding-top: 10px\">\n                    <p class=\"mkdf-iwt-caption\" >certifi\u00e9 par le gouvernement du Qu\u00e9bec<\/p>\n        \t\t\t\t\t<h4 class=\"mkdf-iwt-title\" style=\"margin-top: -3px\">\n\t\t\t\t\t\t\t\t<span class=\"mkdf-iwt-title-text\">Autoris\u00e9<\/span>\n\t\t\t\t\t\t\t<\/h4>\n\t\t\t\t\t<\/div>\n<\/div>[vc_empty_space][\/vc_column][\/vc_row][vc_row row_btt_skin=\u00a0\u00bblight\u00a0\u00bb row_background_text_position=\u00a0\u00bbfront\u00a0\u00bb][vc_column]<div class=\"mkdf-elements-holder   mkdf-one-column  mkdf-responsive-mode-768 \" ><div class=\"mkdf-eh-item    \"  data-item-class=\"mkdf-eh-custom-9821\" data-1367-1600=\"82px 0 0 130px\" data-1025-1366=\"82px 0 0 122px\" data-769-1024=\"1px 0 0 124px\" data-681-768=\"1px 0 0 80px\" data-680=\"0px 0 0 35px\">\n\t<div class=\"mkdf-eh-item-inner\">\n\t\t<div class=\"mkdf-eh-item-content mkdf-eh-custom-9821\" style=\"padding: 141px 0 0 297px\">\n\t\t\t[vc_column_text]<\/p>\n<h1>Promotions<\/h1>\n<p>[\/vc_column_text]\t\t<\/div>\n\t<\/div>\n<\/div><\/div>[\/vc_column][\/vc_row][vc_row row_content_width=\u00a0\u00bbgrid\u00a0\u00bb row_btt_skin=\u00a0\u00bblight\u00a0\u00bb row_background_text_position=\u00a0\u00bbfront\u00a0\u00bb css=\u00a0\u00bb.vc_custom_1678563118085{padding-bottom: 100px !important;}\u00a0\u00bb][vc_column offset=\u00a0\u00bbvc_col-lg-offset-0 vc_col-lg-12 vc_col-md-offset-0 vc_col-md-12 vc_col-sm-offset-0&Prime;]<div class=\"mkdf-pricing-tables mkdf-grid-list mkdf-disable-bottom-space clearfix mkdf-three-columns mkdf-small-space\"><div class=\"mkdf-pt-wrapper mkdf-outer-space\"><div class=\"mkdf-price-table mkdf-item-space  \">\n\t<div class=\"mkdf-pt-inner\" >\n\t\t<ul>\n\t\t\t<li class=\"mkdf-pt-title-holder\">\n\t\t\t\t<h4 class=\"mkdf-pt-title\" >2 Traitements Ext\u00e9rieurs<\/h4>\n\t\t\t<\/li>\n\t\t\t<li class=\"mkdf-pt-prices clearfix\">\n\t\t\t\t<span class=\"mkdf-pt-price\" >249<\/span>\n                <sup class=\"mkdf-pt-value\" >$<\/sup>\n\t\t\t\t<h6 class=\"mkdf-pt-mark\" >+ Taxes<\/h6>\n\t\t\t<\/li>\n\t\t\t<li class=\"mkdf-pt-content\">\n\t\t\t\t\n<ul>\n<li>Consultation gratuite<\/li>\n<li>2 Traitements Ext\u00e9rieurs<\/li>\n<li>Solutions \u00e9cologiques<\/li>\n<li>Garantie par \u00e9crit<\/li>\n<\/ul>\n\t\t\t<\/li>\n\t\t\t\t\t\t\t<li class=\"mkdf-pt-button\">\n\t\t\t\t\t<a itemprop=\"url\" href=\"https:\/\/pcaextermination.net\/fr\/contactez-nous\/\" target=\"_self\"  class=\"mkdf-btn mkdf-btn-large mkdf-btn-solid\"  >    <span class=\"mkdf-btn-text\">Contactez-nous<\/span>    <\/a>\t\t\t\t<\/li>\t\t\t\t\n\t\t\t\t\t<\/ul>\n\t<\/div>\n<\/div><div class=\"mkdf-price-table mkdf-item-space  mkdf-pt-active-item\">\n\t<div class=\"mkdf-pt-inner\" >\n\t\t<ul>\n\t\t\t<li class=\"mkdf-pt-title-holder\">\n\t\t\t\t<h4 class=\"mkdf-pt-title\" >Traitements Interieur<\/h4>\n\t\t\t<\/li>\n\t\t\t<li class=\"mkdf-pt-prices clearfix\">\n\t\t\t\t<span class=\"mkdf-pt-price\" >20<\/span>\n                <sup class=\"mkdf-pt-value\" >%<\/sup>\n\t\t\t\t<h6 class=\"mkdf-pt-mark\" >rabais<\/h6>\n\t\t\t<\/li>\n\t\t\t<li class=\"mkdf-pt-content\">\n\t\t\t\t\n<ul>\n<li>Consultation gratuite<\/li>\n<li>Traitements Interieur<\/li>\n<li>Solutions \u00e9cologiques<\/li>\n<li>Garantie par \u00e9crit<\/li>\n<\/ul>\n\t\t\t<\/li>\n\t\t\t\t\t\t\t<li class=\"mkdf-pt-button\">\n\t\t\t\t\t<a itemprop=\"url\" href=\"https:\/\/pcaextermination.net\/fr\/contactez-nous\/\" target=\"_self\"  class=\"mkdf-btn mkdf-btn-large mkdf-btn-solid\"  >    <span class=\"mkdf-btn-text\">Contactez-nous<\/span>    <\/a>\t\t\t\t<\/li>\t\t\t\t\n\t\t\t\t\t<\/ul>\n\t<\/div>\n<\/div><div class=\"mkdf-price-table mkdf-item-space  \">\n\t<div class=\"mkdf-pt-inner\" >\n\t\t<ul>\n\t\t\t<li class=\"mkdf-pt-title-holder\">\n\t\t\t\t<h4 class=\"mkdf-pt-title\" >3 Traitements Ext\u00e9rieurs<\/h4>\n\t\t\t<\/li>\n\t\t\t<li class=\"mkdf-pt-prices clearfix\">\n\t\t\t\t<span class=\"mkdf-pt-price\" >349<\/span>\n                <sup class=\"mkdf-pt-value\" >$<\/sup>\n\t\t\t\t<h6 class=\"mkdf-pt-mark\" >+ Taxes<\/h6>\n\t\t\t<\/li>\n\t\t\t<li class=\"mkdf-pt-content\">\n\t\t\t\t\n<ul>\n<li>Consultation gratuite<\/li>\n<li>3 Traitements Ext\u00e9rieurs<\/li>\n<li>Solutions \u00e9cologiques<\/li>\n<li>Garantie par \u00e9crit<\/li>\n<\/ul>\n\t\t\t<\/li>\n\t\t\t\t\t\t\t<li class=\"mkdf-pt-button\">\n\t\t\t\t\t<a itemprop=\"url\" href=\"https:\/\/pcaextermination.net\/fr\/contactez-nous\/\" target=\"_self\"  class=\"mkdf-btn mkdf-btn-large mkdf-btn-solid\"  >    <span class=\"mkdf-btn-text\">Contactez-nous<\/span>    <\/a>\t\t\t\t<\/li>\t\t\t\t\n\t\t\t\t\t<\/ul>\n\t<\/div>\n<\/div><\/div><\/div>[\/vc_column][\/vc_row]<\/p>\n<\/section>","protected":false},"excerpt":{"rendered":"<p>[vc_row row_content_width=\u00a0\u00bbgrid\u00a0\u00bb row_btt_skin=\u00a0\u00bblight\u00a0\u00bb row_background_text_position=\u00a0\u00bbfront\u00a0\u00bb css=\u00a0\u00bb.vc_custom_1678563099379{margin-top: 100px !important;}\u00a0\u00bb][vc_column offset=\u00a0\u00bbvc_col-lg-offset-0 vc_col-lg-6 vc_col-md-offset-0 vc_col-md-12 vc_col-sm-offset-0&Prime;][\/vc_column][vc_column offset=\u00a0\u00bbvc_col-lg-offset-0 vc_col-lg-6 vc_col-md-offset-0 vc_col-md-12 vc_col-sm-offset-0&Prime;][\/vc_column][\/vc_row][vc_row row_content_width=\u00a0\u00bbgrid\u00a0\u00bb row_btt_skin=\u00a0\u00bblight\u00a0\u00bb row_background_text_position=\u00a0\u00bbfront\u00a0\u00bb][vc_column offset=\u00a0\u00bbvc_col-lg-offset-0 vc_col-lg-6 vc_col-md-offset-0 vc_col-md-12 vc_col-sm-offset-0&Prime;][\/vc_column][vc_column width=\u00a0\u00bb1\/2&Prime; offset=\u00a0\u00bbvc_col-lg-offset-0 vc_col-lg-3 vc_col-md-offset-0 vc_col-md-6 vc_col-sm-offset-0&Prime;][vc_empty_space][\/vc_column][vc_column width=\u00a0\u00bb1\/2&Prime; offset=\u00a0\u00bbvc_col-lg-offset-0 vc_col-lg-3 vc_col-md-offset-0 vc_col-md-6 vc_col-sm-offset-0&Prime;][vc_empty_space height=\u00a0\u00bb32&Prime;][\/vc_column][\/vc_row][vc_row row_content_width=\u00a0\u00bbgrid\u00a0\u00bb row_btt_skin=\u00a0\u00bblight\u00a0\u00bb [&hellip;]<\/p>\n","protected":false},"author":1,"featured_media":0,"parent":0,"menu_order":0,"comment_status":"closed","ping_status":"closed","template":"full-width.php","meta":{"_monsterinsights_skip_tracking":false,"_monsterinsights_sitenote_active":false,"_monsterinsights_sitenote_note":"","_monsterinsights_sitenote_category":0,"footnotes":""},"class_list":["post-7763","page","type-page","status-publish","hentry"],"aioseo_notices":[],"_links":{"self":[{"href":"https:\/\/pcaextermination.net\/fr\/wp-json\/wp\/v2\/pages\/7763","targetHints":{"allow":["GET"]}}],"collection":[{"href":"https:\/\/pcaextermination.net\/fr\/wp-json\/wp\/v2\/pages"}],"about":[{"href":"https:\/\/pcaextermination.net\/fr\/wp-json\/wp\/v2\/types\/page"}],"author":[{"embeddable":true,"href":"https:\/\/pcaextermination.net\/fr\/wp-json\/wp\/v2\/users\/1"}],"replies":[{"embeddable":true,"href":"https:\/\/pcaextermination.net\/fr\/wp-json\/wp\/v2\/comments?post=7763"}],"version-history":[{"count":25,"href":"https:\/\/pcaextermination.net\/fr\/wp-json\/wp\/v2\/pages\/7763\/revisions"}],"predecessor-version":[{"id":8159,"href":"https:\/\/pcaextermination.net\/fr\/wp-json\/wp\/v2\/pages\/7763\/revisions\/8159"}],"wp:attachment":[{"href":"https:\/\/pcaextermination.net\/fr\/wp-json\/wp\/v2\/media?parent=7763"}],"curies":[{"name":"wp","href":"https:\/\/api.w.org\/{rel}","templated":true}]}}