{"id":7747,"date":"2018-12-17T08:46:49","date_gmt":"2018-12-17T08:46:49","guid":{"rendered":"https:\/\/pcaextermination.net\/a-propos\/"},"modified":"2023-09-16T17:54:49","modified_gmt":"2023-09-16T17:54:49","slug":"a-propos","status":"publish","type":"page","link":"https:\/\/pcaextermination.net\/fr\/a-propos\/","title":{"rendered":"\u00c0 propos"},"content":{"rendered":"<section class=\"wpb-content-wrapper\"><p>[vc_row row_content_width=\u00a0\u00bbgrid\u00a0\u00bb row_btt_skin=\u00a0\u00bblight\u00a0\u00bb row_background_text_position=\u00a0\u00bbfront\u00a0\u00bb css=\u00a0\u00bb.vc_custom_1678563983507{margin-top: 100px !important;}\u00a0\u00bb][vc_column offset=\u00a0\u00bbvc_col-lg-offset-0 vc_col-lg-6 vc_col-md-offset-0 vc_col-md-12 vc_col-sm-offset-0&Prime;]<div class=\"mkdf-elements-holder   mkdf-one-column  mkdf-responsive-mode-768 \" ><div class=\"mkdf-eh-item    \"  data-item-class=\"mkdf-eh-custom-9621\" data-1367-1600=\"58px 110px 0 0px\" data-1025-1366=\"22px 10px 0 0px\" data-769-1024=\"0px 260px 80px 0px\" data-681-768=\"0px 120px 80px 0px\" data-680=\"0px 0px 80px 0px\">\n\t<div class=\"mkdf-eh-item-inner\">\n\t\t<div class=\"mkdf-eh-item-content mkdf-eh-custom-9621\" style=\"padding: 59px 110px 0 0px\">\n\t\t\t<div class=\"mkdf-section-title-holder  mkdf-st-standard mkdf-st-title-left mkdf-st-normal-space \" >\n\t<div class=\"mkdf-st-inner\">\n                    <h6 class=\"mkdf-st-intro-title\" style=\"color: #565969\">\n                \u00c0 propos de nous            <\/h6>\n        \t\t\t\t\t<h2 class=\"mkdf-st-title\" >\n\t\t\t\tUne approche environnementale\t\t\t<\/h2>\n\t\t\t\t\t\t\t<h5 class=\"mkdf-st-text\" style=\"color: #565969;font-size: 18px;line-height: 26px;font-weight: 400;margin-top: 20px\">\n\t\t\t\tPCA Extermination est tr\u00e8s fi\u00e8re de son approche efficace, fiable, innovatrice et soucieuse envers l'environnement en mati\u00e8re de lutte aux parasites. C'est pourquoi nous offrons \u00e0 nos clients des produits organiques et des solutions sans pesticides. Lorsque le choix s'arr\u00eate sur un pesticide, nous utilisons une famille de produits s\u00e9curitaires et approuv\u00e9s. Selon le type et l'ampleur de l'infestation, PCA Extermination travaillera de pr\u00e8s avec chaque client afin de d\u00e9terminer le meilleur moyen et la meilleure technologie qui r\u00e8glera la situation.\t\t\t<\/h5>\n\t\t\t<\/div>\n<\/div>[vc_empty_space height=\u00a0\u00bb32&Prime;]\t\t<\/div>\n\t<\/div>\n<\/div><\/div>[\/vc_column][vc_column width=\u00a0\u00bb1\/2&Prime; offset=\u00a0\u00bbvc_col-lg-offset-0 vc_col-lg-3 vc_col-md-offset-0 vc_col-md-6 vc_col-sm-offset-0&Prime;]<div class=\"mkdf-single-image-holder   \">\n    <div class=\"mkdf-si-inner\" >\n                                    <img loading=\"lazy\" decoding=\"async\" width=\"302\" height=\"444\" src=\"https:\/\/pcaextermination.net\/wp-content\/uploads\/2023\/03\/team1.jpg\" class=\"attachment-full size-full\" alt=\"\" srcset=\"https:\/\/pcaextermination.net\/wp-content\/uploads\/2023\/03\/team1.jpg 302w, https:\/\/pcaextermination.net\/wp-content\/uploads\/2023\/03\/team1-204x300.jpg 204w\" sizes=\"auto, (max-width: 302px) 100vw, 302px\" \/>                        <\/div>\n<\/div>[vc_empty_space][\/vc_column][vc_column width=\u00a0\u00bb1\/2&Prime; offset=\u00a0\u00bbvc_col-lg-offset-0 vc_col-lg-3 vc_col-md-offset-0 vc_col-md-6 vc_col-sm-offset-0&Prime;]<div class=\"mkdf-single-image-holder   \">\n    <div class=\"mkdf-si-inner\" >\n                                    <img loading=\"lazy\" decoding=\"async\" width=\"302\" height=\"444\" src=\"https:\/\/pcaextermination.net\/wp-content\/uploads\/2023\/03\/team2.jpg\" class=\"attachment-full size-full\" alt=\"\" srcset=\"https:\/\/pcaextermination.net\/wp-content\/uploads\/2023\/03\/team2.jpg 302w, https:\/\/pcaextermination.net\/wp-content\/uploads\/2023\/03\/team2-204x300.jpg 204w\" sizes=\"auto, (max-width: 302px) 100vw, 302px\" \/>                        <\/div>\n<\/div>[vc_empty_space height=\u00a0\u00bb32&Prime;][\/vc_column][\/vc_row][vc_row row_content_width=\u00a0\u00bbgrid\u00a0\u00bb row_btt_skin=\u00a0\u00bblight\u00a0\u00bb row_background_text_position=\u00a0\u00bbfront\u00a0\u00bb][vc_column offset=\u00a0\u00bbvc_col-lg-offset-0 vc_col-lg-6 vc_col-md-offset-0 vc_col-md-12 vc_col-sm-offset-0&Prime;]<div class=\"mkdf-elements-holder   mkdf-one-column  mkdf-responsive-mode-768 \" ><div class=\"mkdf-eh-item    \"  data-item-class=\"mkdf-eh-custom-2615\" data-769-1024=\"0 35px 0 35px\" data-681-768=\"0 35px 0 35px\" data-680=\"0 15px 0 15px\">\n\t<div class=\"mkdf-eh-item-inner\">\n\t\t<div class=\"mkdf-eh-item-content mkdf-eh-custom-2615\" >\n\t\t\t<div class=\"mkdf-single-image-holder   \">\n    <div class=\"mkdf-si-inner\" >\n                                    <img loading=\"lazy\" decoding=\"async\" width=\"800\" height=\"558\" src=\"https:\/\/pcaextermination.net\/wp-content\/uploads\/2023\/03\/doc.jpg\" class=\"attachment-full size-full\" alt=\"\" srcset=\"https:\/\/pcaextermination.net\/wp-content\/uploads\/2023\/03\/doc.jpg 800w, https:\/\/pcaextermination.net\/wp-content\/uploads\/2023\/03\/doc-300x209.jpg 300w, https:\/\/pcaextermination.net\/wp-content\/uploads\/2023\/03\/doc-768x536.jpg 768w\" sizes=\"auto, (max-width: 800px) 100vw, 800px\" \/>                        <\/div>\n<\/div>[vc_empty_space height=\u00a0\u00bb32&Prime;]\t\t<\/div>\n\t<\/div>\n<\/div><\/div>[\/vc_column][vc_column offset=\u00a0\u00bbvc_col-lg-offset-0 vc_col-lg-6 vc_col-md-offset-0 vc_col-md-12 vc_col-sm-offset-0&Prime;]<div class=\"mkdf-elements-holder   mkdf-one-column  mkdf-responsive-mode-768 \" ><div class=\"mkdf-eh-item    \"  data-item-class=\"mkdf-eh-custom-3011\" data-1367-1600=\"46px 100px 0 50px\" data-1025-1366=\"21px 0px 0 50px\" data-769-1024=\"76px 260px 0px 0px\" data-681-768=\"76px 120px 0px 0px\" data-680=\"76px 0px 0px 0px\">\n\t<div class=\"mkdf-eh-item-inner\">\n\t\t<div class=\"mkdf-eh-item-content mkdf-eh-custom-3011\" style=\"padding: 46px 90px 0 50px\">\n\t\t\t<div class=\"mkdf-section-title-holder  mkdf-st-standard mkdf-st-title-left mkdf-st-normal-space \" >\n\t<div class=\"mkdf-st-inner\">\n                    <h6 class=\"mkdf-st-intro-title\" >\n                \u00c0 propos de nous            <\/h6>\n        \t\t\t\t\t<h2 class=\"mkdf-st-title\" >\n\t\t\t\tUne satisfaction garantie<br \/> ... Par \u00e9crit\t\t\t<\/h2>\n\t\t\t\t\t\t\t<h5 class=\"mkdf-st-text\" style=\"color: #565969;font-size: 18px;line-height: 26px;font-weight: 400;margin-top: 21px\">\n\t\t\t\tNous comprenons l'importance de choisir la bonne entreprise d'exterminateurs. Avant de prendre en main quelconque projet, nous suivons une proc\u00e9dure d'entrevue et d'\u00e9valuation de votre environnement afin de d\u00e9velopper la solution id\u00e9ale. Tous les services contract\u00e9s sont garantis sous conditions pour 12 mois. Nous offrons \u00e9galement des garanties prolong\u00e9es.\t\t\t<\/h5>\n\t\t\t<\/div>\n<\/div>[vc_empty_space]\t\t<\/div>\n\t<\/div>\n<\/div><\/div>[\/vc_column][\/vc_row][vc_row row_content_width=\u00a0\u00bbgrid\u00a0\u00bb row_btt_skin=\u00a0\u00bblight\u00a0\u00bb row_background_text_position=\u00a0\u00bbfront\u00a0\u00bb][vc_column offset=\u00a0\u00bbvc_col-lg-offset-0 vc_col-lg-6 vc_col-md-offset-0 vc_col-md-12 vc_col-sm-offset-0&Prime;]<div class=\"mkdf-elements-holder   mkdf-one-column  mkdf-responsive-mode-768 \" ><div class=\"mkdf-eh-item    \"  data-item-class=\"mkdf-eh-custom-5843\" data-1367-1600=\"58px 110px 0 0px\" data-1025-1366=\"22px 10px 0 0px\" data-769-1024=\"0px 260px 80px 0px\" data-681-768=\"0px 120px 80px 0px\" data-680=\"0px 0px 80px 0px\">\n\t<div class=\"mkdf-eh-item-inner\">\n\t\t<div class=\"mkdf-eh-item-content mkdf-eh-custom-5843\" style=\"padding: 59px 110px 0 0px\">\n\t\t\t<div class=\"mkdf-section-title-holder  mkdf-st-standard mkdf-st-title-left mkdf-st-normal-space \" >\n\t<div class=\"mkdf-st-inner\">\n                    <h6 class=\"mkdf-st-intro-title\" style=\"color: #565969\">\n                \u00c0 propos de nous            <\/h6>\n        \t\t\t\t\t<h2 class=\"mkdf-st-title\" >\n\t\t\t\tPlus de 30 ans d'exp\u00e9rience\t\t\t<\/h2>\n\t\t\t\t\t<\/div>\n<\/div>[vc_empty_space]\t\t<\/div>\n\t<\/div>\n<\/div><\/div>[\/vc_column][vc_column offset=\u00a0\u00bbvc_col-lg-offset-0 vc_col-lg-6 vc_col-md-offset-0 vc_col-md-12 vc_col-sm-offset-0&Prime;]<div class=\"mkdf-single-image-holder   \">\n    <div class=\"mkdf-si-inner\" >\n                                    <img loading=\"lazy\" decoding=\"async\" width=\"800\" height=\"558\" src=\"https:\/\/pcaextermination.net\/wp-content\/uploads\/2023\/03\/experiance.jpg\" class=\"attachment-full size-full\" alt=\"\" srcset=\"https:\/\/pcaextermination.net\/wp-content\/uploads\/2023\/03\/experiance.jpg 800w, https:\/\/pcaextermination.net\/wp-content\/uploads\/2023\/03\/experiance-300x209.jpg 300w, https:\/\/pcaextermination.net\/wp-content\/uploads\/2023\/03\/experiance-768x536.jpg 768w\" sizes=\"auto, (max-width: 800px) 100vw, 800px\" \/>                        <\/div>\n<\/div>[vc_empty_space][\/vc_column][\/vc_row][vc_row row_content_width=\u00a0\u00bbgrid\u00a0\u00bb row_btt_skin=\u00a0\u00bblight\u00a0\u00bb row_background_text_position=\u00a0\u00bbfront\u00a0\u00bb css=\u00a0\u00bb.vc_custom_1678467552318{padding-bottom: 40px !important;}\u00a0\u00bb][vc_column offset=\u00a0\u00bbvc_col-lg-offset-0 vc_col-lg-6 vc_col-md-offset-0 vc_col-md-12 vc_col-sm-offset-0&Prime;]<div class=\"mkdf-elements-holder   mkdf-one-column  mkdf-responsive-mode-768 \" ><div class=\"mkdf-eh-item    \"  data-item-class=\"mkdf-eh-custom-8172\" data-769-1024=\"0 35px 0 35px\" data-681-768=\"0 35px 0 35px\" data-680=\"0 15px 0 15px\">\n\t<div class=\"mkdf-eh-item-inner\">\n\t\t<div class=\"mkdf-eh-item-content mkdf-eh-custom-8172\" >\n\t\t\t<div class=\"mkdf-single-image-holder   \">\n    <div class=\"mkdf-si-inner\" >\n                                    <img loading=\"lazy\" decoding=\"async\" width=\"800\" height=\"558\" src=\"https:\/\/pcaextermination.net\/wp-content\/uploads\/2023\/03\/car.jpg\" class=\"attachment-full size-full\" alt=\"\" srcset=\"https:\/\/pcaextermination.net\/wp-content\/uploads\/2023\/03\/car.jpg 800w, https:\/\/pcaextermination.net\/wp-content\/uploads\/2023\/03\/car-300x209.jpg 300w, https:\/\/pcaextermination.net\/wp-content\/uploads\/2023\/03\/car-768x536.jpg 768w\" sizes=\"auto, (max-width: 800px) 100vw, 800px\" \/>                        <\/div>\n<\/div>[vc_empty_space]\t\t<\/div>\n\t<\/div>\n<\/div><\/div>[\/vc_column][vc_column offset=\u00a0\u00bbvc_col-lg-offset-0 vc_col-lg-6 vc_col-md-offset-0 vc_col-md-12 vc_col-sm-offset-0&Prime;]<div class=\"mkdf-elements-holder   mkdf-one-column  mkdf-responsive-mode-768 \" ><div class=\"mkdf-eh-item    \"  data-item-class=\"mkdf-eh-custom-1081\" data-1367-1600=\"46px 100px 0 50px\" data-1025-1366=\"21px 0px 0 50px\" data-769-1024=\"76px 260px 0px 0px\" data-681-768=\"76px 120px 0px 0px\" data-680=\"76px 0px 0px 0px\">\n\t<div class=\"mkdf-eh-item-inner\">\n\t\t<div class=\"mkdf-eh-item-content mkdf-eh-custom-1081\" style=\"padding: 46px 90px 0 80px\">\n\t\t\t<div class=\"mkdf-section-title-holder  mkdf-st-standard mkdf-st-title-left mkdf-st-normal-space \" >\n\t<div class=\"mkdf-st-inner\">\n                    <h6 class=\"mkdf-st-intro-title\" >\n                \u00c0 propos de nous            <\/h6>\n        \t\t\t\t\t<h2 class=\"mkdf-st-title\" >\n\t\t\t\tUne solution discr\u00e8te<br \/>\t\t\t<\/h2>\n\t\t\t\t\t\t\t<h5 class=\"mkdf-st-text\" style=\"color: #565969;font-size: 18px;line-height: 26px;font-weight: 400;margin-top: 21px\">\n\t\t\t\tNous comprenons que vous souhaitiez une solution discr\u00e8te \u00e0 un probl\u00e8me ind\u00e9sirable. Pour assurer votre confidentialit\u00e9, nous arrivons \u00e0 votre domicile ou sur votre lieu de travail dans des v\u00e9hicules non identifi\u00e9s. Pourquoi annoncer que vous avez un probl\u00e8me si vous n'avez pas \u00e0 le faire ?\t\t\t<\/h5>\n\t\t\t<\/div>\n<\/div>[vc_empty_space]<a itemprop=\"url\" href=\"https:\/\/pcaextermination.net\/fr\/contactez-nous\/\" target=\"_self\" style=\"padding: 7px 38px\" class=\"mkdf-btn mkdf-btn-medium mkdf-btn-solid\"  >\n    <span class=\"mkdf-btn-text\">Obtenez une consultation gratuite<\/span>\n    <\/a>[vc_empty_space]\t\t<\/div>\n\t<\/div>\n<\/div><\/div>[\/vc_column][\/vc_row][vc_row row_btt_skin=\u00a0\u00bblight\u00a0\u00bb row_background_text_position=\u00a0\u00bbfront\u00a0\u00bb][vc_column]<div class=\"mkdf-elements-holder   mkdf-one-column  mkdf-responsive-mode-768 \" ><div class=\"mkdf-eh-item    \"  data-item-class=\"mkdf-eh-custom-5796\" data-1367-1600=\"82px 0 0 130px\" data-1025-1366=\"82px 0 0 122px\" data-769-1024=\"1px 0 0 124px\" data-681-768=\"1px 0 0 80px\" data-680=\"0px 0 0 35px\">\n\t<div class=\"mkdf-eh-item-inner\">\n\t\t<div class=\"mkdf-eh-item-content mkdf-eh-custom-5796\" style=\"padding: 141px 0 0 297px\">\n\t\t\t[vc_column_text]<\/p>\n<h1>Promotions<\/h1>\n<p>[\/vc_column_text]\t\t<\/div>\n\t<\/div>\n<\/div><\/div>[\/vc_column][\/vc_row][vc_row row_content_width=\u00a0\u00bbgrid\u00a0\u00bb row_btt_skin=\u00a0\u00bblight\u00a0\u00bb row_background_text_position=\u00a0\u00bbfront\u00a0\u00bb css=\u00a0\u00bb.vc_custom_1678475298027{padding-bottom: 40px !important;}\u00a0\u00bb][vc_column offset=\u00a0\u00bbvc_col-lg-offset-0 vc_col-lg-12 vc_col-md-offset-0 vc_col-md-12 vc_col-sm-offset-0&Prime;]<div class=\"mkdf-pricing-tables mkdf-grid-list mkdf-disable-bottom-space clearfix mkdf-three-columns mkdf-small-space\"><div class=\"mkdf-pt-wrapper mkdf-outer-space\"><div class=\"mkdf-price-table mkdf-item-space  \">\n\t<div class=\"mkdf-pt-inner\" >\n\t\t<ul>\n\t\t\t<li class=\"mkdf-pt-title-holder\">\n\t\t\t\t<h4 class=\"mkdf-pt-title\" >2 Traitements Ext\u00e9rieurs<\/h4>\n\t\t\t<\/li>\n\t\t\t<li class=\"mkdf-pt-prices clearfix\">\n\t\t\t\t<span class=\"mkdf-pt-price\" >249<\/span>\n                <sup class=\"mkdf-pt-value\" >$<\/sup>\n\t\t\t\t<h6 class=\"mkdf-pt-mark\" >+ Taxes<\/h6>\n\t\t\t<\/li>\n\t\t\t<li class=\"mkdf-pt-content\">\n\t\t\t\t\n<ul>\n<li>Consultation gratuite<\/li>\n<li>2 Traitements Ext\u00e9rieurs<\/li>\n<li>Solutions \u00e9cologiques<\/li>\n<li>Garantie par \u00e9crit<\/li>\n<\/ul>\n\t\t\t<\/li>\n\t\t\t\t\t\t\t<li class=\"mkdf-pt-button\">\n\t\t\t\t\t<a itemprop=\"url\" href=\"https:\/\/pcaextermination.net\/fr\/contactez-nous\/\" target=\"_self\"  class=\"mkdf-btn mkdf-btn-large mkdf-btn-solid\"  >    <span class=\"mkdf-btn-text\">Contactez-nous<\/span>    <\/a>\t\t\t\t<\/li>\t\t\t\t\n\t\t\t\t\t<\/ul>\n\t<\/div>\n<\/div><div class=\"mkdf-price-table mkdf-item-space  mkdf-pt-active-item\">\n\t<div class=\"mkdf-pt-inner\" >\n\t\t<ul>\n\t\t\t<li class=\"mkdf-pt-title-holder\">\n\t\t\t\t<h4 class=\"mkdf-pt-title\" >Traitements Interieur<\/h4>\n\t\t\t<\/li>\n\t\t\t<li class=\"mkdf-pt-prices clearfix\">\n\t\t\t\t<span class=\"mkdf-pt-price\" >20<\/span>\n                <sup class=\"mkdf-pt-value\" >%<\/sup>\n\t\t\t\t<h6 class=\"mkdf-pt-mark\" >rabais<\/h6>\n\t\t\t<\/li>\n\t\t\t<li class=\"mkdf-pt-content\">\n\t\t\t\t\n<ul>\n<li>Consultation gratuite<\/li>\n<li>Traitements Interieur<\/li>\n<li>Solutions \u00e9cologiques<\/li>\n<li>Garantie par \u00e9crit<\/li>\n<\/ul>\n\t\t\t<\/li>\n\t\t\t\t\t\t\t<li class=\"mkdf-pt-button\">\n\t\t\t\t\t<a itemprop=\"url\" href=\"https:\/\/pcaextermination.net\/fr\/contactez-nous\/\" target=\"_self\"  class=\"mkdf-btn mkdf-btn-large mkdf-btn-solid\"  >    <span class=\"mkdf-btn-text\">Contactez-nous<\/span>    <\/a>\t\t\t\t<\/li>\t\t\t\t\n\t\t\t\t\t<\/ul>\n\t<\/div>\n<\/div><div class=\"mkdf-price-table mkdf-item-space  \">\n\t<div class=\"mkdf-pt-inner\" >\n\t\t<ul>\n\t\t\t<li class=\"mkdf-pt-title-holder\">\n\t\t\t\t<h4 class=\"mkdf-pt-title\" >3 Traitements Ext\u00e9rieurs<\/h4>\n\t\t\t<\/li>\n\t\t\t<li class=\"mkdf-pt-prices clearfix\">\n\t\t\t\t<span class=\"mkdf-pt-price\" >349<\/span>\n                <sup class=\"mkdf-pt-value\" >$<\/sup>\n\t\t\t\t<h6 class=\"mkdf-pt-mark\" >+ Taxes<\/h6>\n\t\t\t<\/li>\n\t\t\t<li class=\"mkdf-pt-content\">\n\t\t\t\t\n<ul>\n<li>Consultation gratuite<\/li>\n<li>3 Traitements Ext\u00e9rieurs<\/li>\n<li>Solutions \u00e9cologiques<\/li>\n<li>Garantie par \u00e9crit<\/li>\n<\/ul>\n\t\t\t<\/li>\n\t\t\t\t\t\t\t<li class=\"mkdf-pt-button\">\n\t\t\t\t\t<a itemprop=\"url\" href=\"https:\/\/pcaextermination.net\/fr\/contactez-nous\/\" target=\"_self\"  class=\"mkdf-btn mkdf-btn-large mkdf-btn-solid\"  >    <span class=\"mkdf-btn-text\">Contactez-nous<\/span>    <\/a>\t\t\t\t<\/li>\t\t\t\t\n\t\t\t\t\t<\/ul>\n\t<\/div>\n<\/div><\/div><\/div>[\/vc_column][\/vc_row][vc_row row_btt_skin=\u00a0\u00bblight\u00a0\u00bb row_background_text_position=\u00a0\u00bbfront\u00a0\u00bb][vc_column]<div class=\"mkdf-elements-holder   mkdf-one-column  mkdf-responsive-mode-768 \" ><div class=\"mkdf-eh-item    \"  data-item-class=\"mkdf-eh-custom-2825\" data-1367-1600=\"82px 0 0 130px\" data-1025-1366=\"82px 0 0 122px\" data-769-1024=\"1px 0 0 124px\" data-681-768=\"1px 0 0 80px\" data-680=\"0px 0 0 35px\">\n\t<div class=\"mkdf-eh-item-inner\">\n\t\t<div class=\"mkdf-eh-item-content mkdf-eh-custom-2825\" style=\"padding: 141px 0 0 297px\">\n\t\t\t[vc_column_text]<\/p>\n<h1>Services<\/h1>\n<p>[\/vc_column_text]\t\t<\/div>\n\t<\/div>\n<\/div><\/div>[\/vc_column][\/vc_row][vc_row row_content_width=\u00a0\u00bbgrid\u00a0\u00bb row_btt_skin=\u00a0\u00bblight\u00a0\u00bb row_background_text_position=\u00a0\u00bbfront\u00a0\u00bb css=\u00a0\u00bb.vc_custom_1678476224642{padding-bottom: 160px !important;}\u00a0\u00bb][vc_column width=\u00a0\u00bb1\/2&Prime; offset=\u00a0\u00bbvc_col-lg-offset-0 vc_col-lg-3 vc_col-md-offset-0 vc_col-md-6 vc_col-sm-offset-0&Prime;]<div class=\"mkdf-banner-holder  mkdf-hover-background-color mkdf-banner-info-default\">\n    <div class=\"mkdf-banner-image\">\n            <\/div>\n    <div class=\"mkdf-banner-text-holder\" style=\"padding: 35px 22px 31px 0\">\n\t    <div class=\"mkdf-banner-text-outer\">\n\t\t    <div class=\"mkdf-banner-text-inner\">\n\t\t        \t\t            <h5 class=\"mkdf-banner-subtitle\" style=\"font-size: 12px\">\n\t\t\t            Nos services\t\t            <\/h5>\n\t\t        \t\t        \t\t            <h4 class=\"mkdf-banner-title\" style=\"margin-top: -3px\">\n\t\t                Services R\u00e9sidentiels\t                <\/h4>\n\t\t        \t\t\t\t                    <a itemprop=\"url\" href=\"https:\/\/pcaextermination.net\/fr\/services-residentiels\/\" target=\"_self\"  class=\"mkdf-btn mkdf-btn-medium mkdf-btn-simple\"  >\n    <span class=\"mkdf-btn-text\"><\/span>\n    <\/a>\t\t        \t\t\t<\/div>\n\t\t<\/div>\n\t<\/div>\n\t        <a itemprop=\"url\" class=\"mkdf-banner-link\" href=\"https:\/\/pcaextermination.net\/fr\/services-residentiels\/\" target=\"_self\"><\/a>\n    <div class=\"mkdf-banner-bottom-line\" ><\/div>\n<\/div>[vc_empty_space][\/vc_column][vc_column width=\u00a0\u00bb1\/2&Prime; offset=\u00a0\u00bbvc_col-lg-offset-0 vc_col-lg-3 vc_col-md-offset-0 vc_col-md-6 vc_col-sm-offset-0&Prime;]<div class=\"mkdf-banner-holder  mkdf-hover-background-color mkdf-banner-info-default\">\n    <div class=\"mkdf-banner-image\">\n            <\/div>\n    <div class=\"mkdf-banner-text-holder\" style=\"padding: 35px 22px 31px 0\">\n\t    <div class=\"mkdf-banner-text-outer\">\n\t\t    <div class=\"mkdf-banner-text-inner\">\n\t\t        \t\t            <h5 class=\"mkdf-banner-subtitle\" style=\"font-size: 12px\">\n\t\t\t            nos services\t\t            <\/h5>\n\t\t        \t\t        \t\t            <h4 class=\"mkdf-banner-title\" style=\"margin-top: -3px\">\n\t\t                Services Commerciaux\t                <\/h4>\n\t\t        \t\t\t\t                    <a itemprop=\"url\" href=\"https:\/\/pcaextermination.net\/fr\/services-commerciaux\/\" target=\"_self\"  class=\"mkdf-btn mkdf-btn-medium mkdf-btn-simple\"  >\n    <span class=\"mkdf-btn-text\"><\/span>\n    <\/a>\t\t        \t\t\t<\/div>\n\t\t<\/div>\n\t<\/div>\n\t        <a itemprop=\"url\" class=\"mkdf-banner-link\" href=\"https:\/\/pcaextermination.net\/fr\/services-commerciaux\/\" target=\"_self\"><\/a>\n    <div class=\"mkdf-banner-bottom-line\" ><\/div>\n<\/div>[vc_empty_space][\/vc_column][vc_column width=\u00a0\u00bb1\/2&Prime; offset=\u00a0\u00bbvc_col-lg-offset-0 vc_col-lg-3 vc_col-md-offset-0 vc_col-md-6 vc_col-sm-offset-0&Prime;]<div class=\"mkdf-banner-holder  mkdf-hover-background-color mkdf-banner-info-default\">\n    <div class=\"mkdf-banner-image\">\n            <\/div>\n    <div class=\"mkdf-banner-text-holder\" style=\"padding: 35px 22px 0px 0\">\n\t    <div class=\"mkdf-banner-text-outer\">\n\t\t    <div class=\"mkdf-banner-text-inner\">\n\t\t        \t\t            <h5 class=\"mkdf-banner-subtitle\" style=\"font-size: 12px\">\n\t\t\t            Nos services\t\t            <\/h5>\n\t\t        \t\t        \t\t            <h4 class=\"mkdf-banner-title\" style=\"margin-top: -3px\">\n\t\t                Identifiez votre animaux nuisible\t                <\/h4>\n\t\t        \t\t\t\t                    <a itemprop=\"url\" href=\"https:\/\/pcaextermination.net\/fr\/animaux-nuisibles\/\" target=\"_self\"  class=\"mkdf-btn mkdf-btn-medium mkdf-btn-simple\"  >\n    <span class=\"mkdf-btn-text\"><\/span>\n    <\/a>\t\t        \t\t\t<\/div>\n\t\t<\/div>\n\t<\/div>\n\t        <a itemprop=\"url\" class=\"mkdf-banner-link\" href=\"https:\/\/pcaextermination.net\/fr\/animaux-nuisibles\/\" target=\"_self\"><\/a>\n    <div class=\"mkdf-banner-bottom-line\" ><\/div>\n<\/div>[vc_empty_space][\/vc_column][vc_column width=\u00a0\u00bb1\/2&Prime; offset=\u00a0\u00bbvc_col-lg-offset-0 vc_col-lg-3 vc_col-md-offset-0 vc_col-md-6 vc_col-sm-offset-0&Prime;]<div class=\"mkdf-banner-holder  mkdf-hover-background-color mkdf-banner-info-default\">\n    <div class=\"mkdf-banner-image\">\n            <\/div>\n    <div class=\"mkdf-banner-text-holder\" style=\"padding: 35px 22px 0px 0\">\n\t    <div class=\"mkdf-banner-text-outer\">\n\t\t    <div class=\"mkdf-banner-text-inner\">\n\t\t        \t\t            <h5 class=\"mkdf-banner-subtitle\" style=\"font-size: 12px\">\n\t\t\t            Nos services\t\t            <\/h5>\n\t\t        \t\t        \t\t            <h4 class=\"mkdf-banner-title\" style=\"margin-top: -3px\">\n\t\t                Obtenez une consultation gratuite\t                <\/h4>\n\t\t        \t\t\t\t                    <a itemprop=\"url\" href=\"https:\/\/pcaextermination.net\/fr\/contactez-nous\/\" target=\"_self\"  class=\"mkdf-btn mkdf-btn-medium mkdf-btn-simple\"  >\n    <span class=\"mkdf-btn-text\"><\/span>\n    <\/a>\t\t        \t\t\t<\/div>\n\t\t<\/div>\n\t<\/div>\n\t        <a itemprop=\"url\" class=\"mkdf-banner-link\" href=\"https:\/\/pcaextermination.net\/fr\/contactez-nous\/\" target=\"_self\"><\/a>\n    <div class=\"mkdf-banner-bottom-line\" ><\/div>\n<\/div>[vc_empty_space][\/vc_column][\/vc_row]<\/p>\n<\/section>","protected":false},"excerpt":{"rendered":"<p>[vc_row row_content_width=\u00a0\u00bbgrid\u00a0\u00bb row_btt_skin=\u00a0\u00bblight\u00a0\u00bb row_background_text_position=\u00a0\u00bbfront\u00a0\u00bb css=\u00a0\u00bb.vc_custom_1678563983507{margin-top: 100px !important;}\u00a0\u00bb][vc_column offset=\u00a0\u00bbvc_col-lg-offset-0 vc_col-lg-6 vc_col-md-offset-0 vc_col-md-12 vc_col-sm-offset-0&Prime;][\/vc_column][vc_column width=\u00a0\u00bb1\/2&Prime; offset=\u00a0\u00bbvc_col-lg-offset-0 vc_col-lg-3 vc_col-md-offset-0 vc_col-md-6 vc_col-sm-offset-0&Prime;][vc_empty_space][\/vc_column][vc_column width=\u00a0\u00bb1\/2&Prime; offset=\u00a0\u00bbvc_col-lg-offset-0 vc_col-lg-3 vc_col-md-offset-0 vc_col-md-6 vc_col-sm-offset-0&Prime;][vc_empty_space height=\u00a0\u00bb32&Prime;][\/vc_column][\/vc_row][vc_row row_content_width=\u00a0\u00bbgrid\u00a0\u00bb row_btt_skin=\u00a0\u00bblight\u00a0\u00bb row_background_text_position=\u00a0\u00bbfront\u00a0\u00bb][vc_column offset=\u00a0\u00bbvc_col-lg-offset-0 vc_col-lg-6 vc_col-md-offset-0 vc_col-md-12 vc_col-sm-offset-0&Prime;][\/vc_column][vc_column offset=\u00a0\u00bbvc_col-lg-offset-0 vc_col-lg-6 vc_col-md-offset-0 vc_col-md-12 vc_col-sm-offset-0&Prime;][\/vc_column][\/vc_row][vc_row row_content_width=\u00a0\u00bbgrid\u00a0\u00bb row_btt_skin=\u00a0\u00bblight\u00a0\u00bb [&hellip;]<\/p>\n","protected":false},"author":1,"featured_media":0,"parent":0,"menu_order":0,"comment_status":"closed","ping_status":"closed","template":"full-width.php","meta":{"_monsterinsights_skip_tracking":false,"_monsterinsights_sitenote_active":false,"_monsterinsights_sitenote_note":"","_monsterinsights_sitenote_category":0,"footnotes":""},"class_list":["post-7747","page","type-page","status-publish","hentry"],"aioseo_notices":[],"_links":{"self":[{"href":"https:\/\/pcaextermination.net\/fr\/wp-json\/wp\/v2\/pages\/7747","targetHints":{"allow":["GET"]}}],"collection":[{"href":"https:\/\/pcaextermination.net\/fr\/wp-json\/wp\/v2\/pages"}],"about":[{"href":"https:\/\/pcaextermination.net\/fr\/wp-json\/wp\/v2\/types\/page"}],"author":[{"embeddable":true,"href":"https:\/\/pcaextermination.net\/fr\/wp-json\/wp\/v2\/users\/1"}],"replies":[{"embeddable":true,"href":"https:\/\/pcaextermination.net\/fr\/wp-json\/wp\/v2\/comments?post=7747"}],"version-history":[{"count":24,"href":"https:\/\/pcaextermination.net\/fr\/wp-json\/wp\/v2\/pages\/7747\/revisions"}],"predecessor-version":[{"id":8158,"href":"https:\/\/pcaextermination.net\/fr\/wp-json\/wp\/v2\/pages\/7747\/revisions\/8158"}],"wp:attachment":[{"href":"https:\/\/pcaextermination.net\/fr\/wp-json\/wp\/v2\/media?parent=7747"}],"curies":[{"name":"wp","href":"https:\/\/api.w.org\/{rel}","templated":true}]}}